{"id":49,"date":"2023-05-18T18:37:23","date_gmt":"2023-05-18T18:37:23","guid":{"rendered":"http:\/\/localhost\/tomateros\/?page_id=49"},"modified":"2023-05-18T18:37:23","modified_gmt":"2023-05-18T18:37:23","slug":"historia","status":"publish","type":"page","link":"https:\/\/web.tomateros.online\/index.php\/historia\/","title":{"rendered":"Historia"},"content":{"rendered":"\n<div class=\"jumbotron jumbotronPage text-center\">\n                <h1 class=\"mt-0\">Historia<\/h1>\n<\/div>\n\n\n\n<div class=\"container-fluid bg-white\">\n                <p>Tomateros de Culiac\u00e1n naci\u00f3 en 1965 bajo la visi\u00f3n de Juan Ley Fong, incansable promotor de El Rey de los Deportes.<\/p>\n                <p>La historia de grandeza guinda, concret\u00f3 su primera corona en su segunda campa\u00f1a de la entonces Liga Invernal Sonora-Sinaloa, antecedente de la Liga Mexicana del Pac\u00edfico.<\/p>\n                <p>Vinicio Garc\u00eda condujo a los guindas a su primera y segunda corona, la cual lleg\u00f3 en la campa\u00f1a 1969-70.<\/p>\n                <p>Los Tomateros han ganado m\u00e1s de un t\u00edtulo dejando en el terreno al rival, pero el primero de ellos lleg\u00f3 en la temporada 1977-78. En el sexto juego de la serie por el t\u00edtulo, contra Ca\u00f1eros de Los Mochis, Jesus Sommers le atiz\u00f3 cuadrangular solitario a Kevin Bruce Stanfield, para cristalizar el tercer campeonato tomatero.<\/p>\n                <p>Los seis posteriores, llegaron de la mano de Francisco \u201cPaqu\u00edn\u201d Estrada. Dos en los ochentas, dos en los noventas y otro par en el presente siglo.<\/p>\n                <p>Tambi\u00e9n con Paqu\u00edn al mando, lleg\u00f3 la primera Serie del Caribe en la historia de Tomateros: en 1996, contra el Dream Team Dominicano, as\u00ed como estrellas boricuas del nivel de Roberto Alomar, Bernie Williams e Iv\u00e1n Rodr\u00edguez.<\/p>\n                <p>En 2002, los guindas se convirtieron en el primer equipo mexicano que ganaba dos Series del Caribe. Rodrigo L\u00f3pez sell\u00f3 la proeza en Caracas 2002, tras tirar juego completo y blanqueada en el desaf\u00edo final.<\/p>\n                <p>Las cuatro m\u00e1s recientes coronas guindas, se han concretado de la mano de un \u00eddolo. Benjam\u00edn Gil, quien comenz\u00f3 a escribir su historia con cuatro campeonatos en su etapa como pelotero, ha conducido como m\u00e1nager a los Tomateros, para que se lleven sus t\u00edtulos diez, once, doce y trece.<\/p>\n                <p>El de la temporada 2014-15 sirvi\u00f3 para decirle adi\u00f3s al viejo Estadio \u00c1ngel Flores y el de la 2017-18, se convirti\u00f3 en el primero dentro del nuevo Estadio Tomateros, un inmueble con capacidad para 20 mil seguidores y todas las comodidades que posee un parque de Ligas Mayores.<\/p>\n                <p>Gil tomo un receso en la 2018-19, pero para la siguiente campa\u00f1a, regreso con el campeonato como compromiso. \u201cMe veo en Puerto Rico\u201d, dijo en su primer d\u00eda de entrenamiento, esto visualizando la presencia guinda en la siguiente Serie del Caribe.<\/p>\n                <p>El camino fue dif\u00edcil. Tanto la semifinal, contra Ca\u00f1eros de Los Mochis, como la final contra Venados de Mazatl\u00e1n, se extendieron a siete juegos. Sin embargo, desde la primera entrada del definitivo contra los rojos del puerto, lleg\u00f3 la calma en forma de batazos. El duelo termin\u00f3 11-0 y el campeonato n\u00famero doce, en la vitrina.<\/p>\n                <p>Dos meses despu\u00e9s de esta proeza, el mundo comenz\u00f3 a vivir una serie de cambios debido a la pandemia por COVID-19. A pesar de la incertidumbre y con todas las medidas de precauci\u00f3n, la temporada 2020-21 se llev\u00f3 a cabo.<\/p>\n                <p>Los Tomateros vivieron pruebas de todo tipo, as\u00ed como una exigencia al m\u00e1s alto nivel. Incluso, estuvieron 3-1 abajo en la Serie Final contra los Naranjeros de Hermosillo.<\/p>\n                <p>Sin embargo, la sangre guinda hirvi\u00f3 en el quinto de la final, gracias a inolvidable turno de Sebasti\u00e1n Elizalde en la s\u00e9ptima entrada. \u201cEl Tano\u201d pele\u00f3 quince lanzamientos hasta que peg\u00f3 el hit para empatar y Michael Wing defini\u00f3 con hit en la d\u00e9cima.<\/p>\n                <p>Los Tomateros fueron a ganar los dos restantes en Hermosillo, para as\u00ed conseguir el segundo bicampeonato en la historia de la franquicia y sin duda, el m\u00e1s dif\u00edcil de todos.<\/p>\n                <p>La historia guinda se encuentra llena de episodios de lucha y nuestra m\u00edstica, llena de energ\u00eda para escribir muchas haza\u00f1as m\u00e1s en el futuro.<\/p>\n                <h4 class=\"text-center\">\u00a1SOMOS LOS CAMPEONES DE LA LIGA MEXICANA DEL PAC\u00cdFICO!<\/h4>\n                <img decoding=\"async\" class=\"img-fluid\" src=\"\/tomateros\/wp-content\/uploads\/2023\/05\/historiatrofeos.jpg\" alt=\"\">\n            <\/div>\n","protected":false},"excerpt":{"rendered":"<p>Historia Tomateros de Culiac\u00e1n naci\u00f3 en 1965 bajo la visi\u00f3n de Juan Ley Fong, incansable promotor de El Rey de los Deportes. La historia de grandeza guinda, concret\u00f3 su primera corona en su segunda campa\u00f1a de la entonces Liga Invernal Sonora-Sinaloa, antecedente de la Liga Mexicana del Pac\u00edfico. Vinicio Garc\u00eda condujo a los guindas a su primera y segunda corona, la cual lleg\u00f3 en la campa\u00f1a 1969-70. Los Tomateros han ganado m\u00e1s de un t\u00edtulo dejando en el terreno al rival, pero el primero de ellos lleg\u00f3 en la temporada 1977-78. En el sexto juego de la serie por el t\u00edtulo, contra Ca\u00f1eros de Los Mochis, Jesus Sommers le atiz\u00f3 cuadrangular solitario a Kevin Bruce Stanfield, para cristalizar el tercer campeonato tomatero. Los seis posteriores, llegaron de la mano de Francisco \u201cPaqu\u00edn\u201d Estrada. Dos en los ochentas, dos en los noventas y otro par en el presente siglo. Tambi\u00e9n con Paqu\u00edn al mando, lleg\u00f3 la primera Serie del Caribe en la historia de Tomateros: en 1996, contra el Dream Team Dominicano, as\u00ed como estrellas boricuas del nivel de Roberto Alomar, Bernie Williams e Iv\u00e1n Rodr\u00edguez. En 2002, los guindas se convirtieron en el primer equipo mexicano que ganaba dos Series del Caribe. Rodrigo L\u00f3pez sell\u00f3 la proeza en Caracas 2002, tras tirar juego completo y blanqueada en el desaf\u00edo final. Las cuatro m\u00e1s recientes coronas guindas, se han concretado de la mano de un \u00eddolo. Benjam\u00edn Gil, quien comenz\u00f3 a escribir su historia con cuatro campeonatos en su etapa como pelotero, ha conducido como m\u00e1nager a los Tomateros, para que se lleven sus t\u00edtulos diez, once, doce y trece. El de la temporada 2014-15 sirvi\u00f3 para decirle adi\u00f3s al viejo Estadio \u00c1ngel Flores y el de la 2017-18, se convirti\u00f3 en el primero dentro del nuevo Estadio Tomateros, un inmueble con capacidad para 20 mil seguidores y todas las comodidades que posee un parque de Ligas Mayores. Gil tomo un receso en la 2018-19, pero para la siguiente campa\u00f1a, regreso con el campeonato como compromiso. \u201cMe veo en Puerto Rico\u201d, dijo en su primer d\u00eda de entrenamiento, esto visualizando la presencia guinda en la siguiente Serie del Caribe. El camino fue dif\u00edcil. Tanto la semifinal, contra Ca\u00f1eros de Los Mochis, como la final contra Venados de Mazatl\u00e1n, se extendieron a siete juegos. Sin embargo, desde la primera entrada del definitivo contra los rojos del puerto, lleg\u00f3 la calma en forma de batazos. El duelo termin\u00f3 11-0 y el campeonato n\u00famero doce, en la vitrina. Dos meses despu\u00e9s de esta proeza, el mundo comenz\u00f3 a vivir una serie de cambios debido a la pandemia por COVID-19. A pesar de la incertidumbre y con todas las medidas de precauci\u00f3n, la temporada 2020-21 se llev\u00f3 a cabo. Los Tomateros vivieron pruebas de todo tipo, as\u00ed como una exigencia al m\u00e1s alto nivel. Incluso, estuvieron 3-1 abajo en la Serie Final contra los Naranjeros de Hermosillo. Sin embargo, la sangre guinda hirvi\u00f3 en el quinto de la final, gracias a inolvidable turno de Sebasti\u00e1n Elizalde en la s\u00e9ptima entrada. \u201cEl Tano\u201d pele\u00f3 quince lanzamientos hasta que peg\u00f3 el hit para empatar y Michael Wing defini\u00f3 con hit en la d\u00e9cima. Los Tomateros fueron a ganar los dos restantes en Hermosillo, para as\u00ed conseguir el segundo bicampeonato en la historia de la franquicia y sin duda, el m\u00e1s dif\u00edcil de todos. La historia guinda se encuentra llena de episodios de lucha y nuestra m\u00edstica, llena de energ\u00eda para escribir muchas haza\u00f1as m\u00e1s en el futuro. \u00a1SOMOS LOS CAMPEONES DE LA LIGA MEXICANA DEL PAC\u00cdFICO!<\/p>\n","protected":false},"author":1,"featured_media":0,"parent":0,"menu_order":0,"comment_status":"closed","ping_status":"closed","template":"","meta":{"footnotes":""},"class_list":["post-49","page","type-page","status-publish","hentry"],"_links":{"self":[{"href":"https:\/\/web.tomateros.online\/index.php\/wp-json\/wp\/v2\/pages\/49","targetHints":{"allow":["GET"]}}],"collection":[{"href":"https:\/\/web.tomateros.online\/index.php\/wp-json\/wp\/v2\/pages"}],"about":[{"href":"https:\/\/web.tomateros.online\/index.php\/wp-json\/wp\/v2\/types\/page"}],"author":[{"embeddable":true,"href":"https:\/\/web.tomateros.online\/index.php\/wp-json\/wp\/v2\/users\/1"}],"replies":[{"embeddable":true,"href":"https:\/\/web.tomateros.online\/index.php\/wp-json\/wp\/v2\/comments?post=49"}],"version-history":[{"count":0,"href":"https:\/\/web.tomateros.online\/index.php\/wp-json\/wp\/v2\/pages\/49\/revisions"}],"wp:attachment":[{"href":"https:\/\/web.tomateros.online\/index.php\/wp-json\/wp\/v2\/media?parent=49"}],"curies":[{"name":"wp","href":"https:\/\/api.w.org\/{rel}","templated":true}]}}